{"id":18130,"date":"2020-05-16T16:23:45","date_gmt":"2020-05-16T14:23:45","guid":{"rendered":"http:\/\/fanar.demo.kodhtml.pl\/?page_id=18130"},"modified":"2020-05-19T22:53:03","modified_gmt":"2020-05-19T20:53:03","slug":"special-drill","status":"publish","type":"page","link":"https:\/\/www.fanar.pl\/en\/special-drill\/","title":{"rendered":"Special drill"},"content":{"rendered":"\n<div class=\"wpcf7 no-js\" id=\"wpcf7-f18227-o1\" lang=\"pl-PL\" dir=\"ltr\" data-wpcf7-id=\"18227\">\n<div class=\"screen-reader-response\"><p role=\"status\" aria-live=\"polite\" aria-atomic=\"true\"><\/p> <ul><\/ul><\/div>\n<form action=\"\/en\/wp-json\/wp\/v2\/pages\/18130#wpcf7-f18227-o1\" method=\"post\" class=\"wpcf7-form init\" aria-label=\"Formularz kontaktowy\" enctype=\"multipart\/form-data\" novalidate=\"novalidate\" data-status=\"init\">\n<fieldset class=\"hidden-fields-container\"><input type=\"hidden\" name=\"_wpcf7\" value=\"18227\" \/><input type=\"hidden\" name=\"_wpcf7_version\" value=\"6.1.5\" \/><input type=\"hidden\" name=\"_wpcf7_locale\" value=\"pl_PL\" \/><input type=\"hidden\" name=\"_wpcf7_unit_tag\" value=\"wpcf7-f18227-o1\" \/><input type=\"hidden\" name=\"_wpcf7_container_post\" value=\"0\" \/><input type=\"hidden\" name=\"_wpcf7_posted_data_hash\" value=\"\" \/>\n<\/fieldset>\n<div class=\"form-narzedzie-wiertarskie\">\n\t<div class=\"form-group group-dane-klienta\">\n\t\t<h3 class=\"form-group-name\">Customer's Data:\n\t\t<\/h3>\n\t\t<div class=\"form-elements\">\n\t\t\t<div class=\"form-el el-nazwa by-3\">\n\t\t\t\t<p><label><br \/>\n<span class=\"label\">Company name*<\/span><br \/>\n<span class=\"wpcf7-form-control-wrap\" data-name=\"text-723\"><input size=\"40\" maxlength=\"400\" class=\"wpcf7-form-control wpcf7-text wpcf7-validates-as-required\" aria-required=\"true\" aria-invalid=\"false\" value=\"\" type=\"text\" name=\"text-723\" \/><\/span><br \/>\n<\/label>\n\t\t\t\t<\/p>\n\t\t\t<\/div>\n\t\t\t<div class=\"form-el el-miasto by-3\">\n\t\t\t\t<p><label><br \/>\n<span class=\"label\">City*<\/span><br \/>\n<span class=\"wpcf7-form-control-wrap\" data-name=\"text-723b\"><input size=\"40\" maxlength=\"400\" class=\"wpcf7-form-control wpcf7-text wpcf7-validates-as-required\" aria-required=\"true\" aria-invalid=\"false\" value=\"\" type=\"text\" name=\"text-723b\" \/><\/span><br \/>\n<\/label>\n\t\t\t\t<\/p>\n\t\t\t<\/div>\n\t\t\t<div class=\"form-el el-kod\">\n\t\t\t\t<p><label><br \/>\n<span class=\"label\">ZIP code*<\/span><br \/>\n<span class=\"wpcf7-form-control-wrap\" data-name=\"text-723c\"><input size=\"40\" maxlength=\"400\" class=\"wpcf7-form-control wpcf7-text wpcf7-validates-as-required\" aria-required=\"true\" aria-invalid=\"false\" value=\"\" type=\"text\" name=\"text-723c\" \/><\/span><br \/>\n<\/label>\n\t\t\t\t<\/p>\n\t\t\t<\/div>\n\t\t\t<div class=\"form-el el-ulica by-3\">\n\t\t\t\t<p><label><br \/>\n<span class=\"label\">Street, number*<\/span><br \/>\n<span class=\"wpcf7-form-control-wrap\" data-name=\"text-723d\"><input size=\"40\" maxlength=\"400\" class=\"wpcf7-form-control wpcf7-text wpcf7-validates-as-required\" aria-required=\"true\" aria-invalid=\"false\" value=\"\" type=\"text\" name=\"text-723d\" \/><\/span><br \/>\n<\/label>\n\t\t\t\t<\/p>\n\t\t\t<\/div>\n\t\t\t<div class=\"form-el el-osoba by-3\">\n\t\t\t\t<p><label><br \/>\n<span class=\"label\">Contact person*<\/span><br \/>\n<span class=\"wpcf7-form-control-wrap\" data-name=\"text-473\"><input size=\"40\" maxlength=\"400\" class=\"wpcf7-form-control wpcf7-text wpcf7-validates-as-required\" aria-required=\"true\" aria-invalid=\"false\" value=\"\" type=\"text\" name=\"text-473\" \/><\/span><br \/>\n<\/label>\n\t\t\t\t<\/p>\n\t\t\t<\/div>\n\t\t\t<div class=\"form-el el-telefon by-3\">\n\t\t\t\t<p><label><br \/>\n<span class=\"label\">Tel*<\/span><br \/>\n<span class=\"wpcf7-form-control-wrap\" data-name=\"tel-513\"><input size=\"40\" maxlength=\"400\" class=\"wpcf7-form-control wpcf7-tel wpcf7-validates-as-required wpcf7-text wpcf7-validates-as-tel\" aria-required=\"true\" aria-invalid=\"false\" value=\"\" type=\"tel\" name=\"tel-513\" \/><\/span><br \/>\n<\/label>\n\t\t\t\t<\/p>\n\t\t\t<\/div>\n\t\t\t<div class=\"form-el el-email by-3\">\n\t\t\t\t<p><label><br \/>\n<span class=\"label\">Email:*<\/span><br \/>\n<span class=\"wpcf7-form-control-wrap\" data-name=\"email-754\"><input size=\"40\" maxlength=\"400\" class=\"wpcf7-form-control wpcf7-email wpcf7-validates-as-required wpcf7-text wpcf7-validates-as-email\" aria-required=\"true\" aria-invalid=\"false\" placeholder=\"e-mail\" value=\"\" type=\"email\" name=\"email-754\" \/><\/span><br \/>\n<\/label>\n\t\t\t\t<\/p>\n\t\t\t<\/div>\n\t\t<\/div>\n\t<\/div>\n\t<div class=\"form-group\">\n\t\t<h3 class=\"form-group-name\">1. Sketch of the machined part:\n\t\t<\/h3>\n\t\t<div class=\"form-elements\">\n\t\t\t<div class=\"form-el\">\n\t\t\t\t<p><label><br \/>\n<span class=\"label\">1.1 Name of detail:<\/span><br \/>\n<span class=\"wpcf7-form-control-wrap\" data-name=\"text-206\"><input size=\"40\" maxlength=\"400\" class=\"wpcf7-form-control wpcf7-text\" aria-invalid=\"false\" value=\"\" type=\"text\" name=\"text-206\" \/><\/span><br \/>\n<\/label>\n\t\t\t\t<\/p>\n\t\t\t<\/div>\n\t\t\t<div class=\"form-el\">\n\t\t\t\t<p><label><br \/>\n<span class=\"label\">1.2 Workpiece material<\/span><br \/>\n<span class=\"wpcf7-form-control-wrap\" data-name=\"text-901\"><input size=\"40\" maxlength=\"400\" class=\"wpcf7-form-control wpcf7-text\" aria-invalid=\"false\" value=\"\" type=\"text\" name=\"text-901\" \/><\/span><br \/>\n<\/label>\n\t\t\t\t<\/p>\n\t\t\t<\/div>\n\t\t\t<div class=\"form-el\">\n\t\t\t\t<p><label><br \/>\n<span class=\"label\">1.3. Hardness:<\/span><br \/>\n<span class=\"wpcf7-form-control-wrap\" data-name=\"text-901b\"><input size=\"40\" maxlength=\"400\" class=\"wpcf7-form-control wpcf7-text\" aria-invalid=\"false\" value=\"\" type=\"text\" name=\"text-901b\" \/><\/span><br \/>\n<\/label>\n\t\t\t\t<\/p>\n\t\t\t<\/div>\n\t\t<\/div>\n\t\t<div class=\"form-elements el-typ-wiertla\">\n\t\t\t<div class=\"form-el img-check by-4\">\n\t\t\t\t<div class=\"img\">\n\t\t\t\t\t<p><img decoding=\"async\" src=\"https:\/\/www.fanar.pl\/wp-content\/themes\/fanar\/images\/formularze\/wiertla\/1a.svg\" \/><br \/>\n<input type=\"radio\" checked value=\"https:\/\/www.fanar.pl\/wp-content\/themes\/fanar\/images\/formularze\/wiertla\/1a.png\" data-typ=\"1a\" name=\"typ-wiertla\" \/>\n\t\t\t\t\t<\/p>\n\t\t\t\t<\/div>\n\t\t\t<\/div>\n\t\t\t<div class=\"form-el img-check by-4\">\n\t\t\t\t<div class=\"img\">\n\t\t\t\t\t<p><img decoding=\"async\" src=\"https:\/\/www.fanar.pl\/wp-content\/themes\/fanar\/images\/formularze\/wiertla\/2a.svg\" \/><br \/>\n<input type=\"radio\" value=\"https:\/\/www.fanar.pl\/wp-content\/themes\/fanar\/images\/formularze\/wiertla\/2a.png\" data-typ=\"2a\" name=\"typ-wiertla\" \/>\n\t\t\t\t\t<\/p>\n\t\t\t\t<\/div>\n\t\t\t<\/div>\n\t\t\t<div class=\"form-el img-check by-4\">\n\t\t\t\t<div class=\"img\">\n\t\t\t\t\t<p><img decoding=\"async\" src=\"https:\/\/www.fanar.pl\/wp-content\/themes\/fanar\/images\/formularze\/wiertla\/2b.svg\" \/><br \/>\n<input type=\"radio\" value=\"https:\/\/www.fanar.pl\/wp-content\/themes\/fanar\/images\/formularze\/wiertla\/2b.png\" data-typ=\"2b\" name=\"typ-wiertla\" \/>\n\t\t\t\t\t<\/p>\n\t\t\t\t<\/div>\n\t\t\t<\/div>\n\t\t\t<div class=\"form-el img-check by-4\">\n\t\t\t\t<div class=\"img\">\n\t\t\t\t\t<p><img decoding=\"async\" src=\"https:\/\/www.fanar.pl\/wp-content\/themes\/fanar\/images\/formularze\/wiertla\/3a.svg\" \/><br \/>\n<input type=\"radio\" value=\"https:\/\/www.fanar.pl\/wp-content\/themes\/fanar\/images\/formularze\/wiertla\/3a.png\" data-typ=\"3a\" name=\"typ-wiertla\" \/>\n\t\t\t\t\t<\/p>\n\t\t\t\t<\/div>\n\t\t\t<\/div>\n\t\t\t<div class=\"form-el img-check by-4\">\n\t\t\t\t<div class=\"img\">\n\t\t\t\t\t<p><img decoding=\"async\" src=\"https:\/\/www.fanar.pl\/wp-content\/themes\/fanar\/images\/formularze\/wiertla\/3b.svg\" \/><br \/>\n<input type=\"radio\" value=\"https:\/\/www.fanar.pl\/wp-content\/themes\/fanar\/images\/formularze\/wiertla\/3b.png\" data-typ=\"3b\" name=\"typ-wiertla\" \/>\n\t\t\t\t\t<\/p>\n\t\t\t\t<\/div>\n\t\t\t<\/div>\n\t\t\t<div class=\"form-el img-check by-4\">\n\t\t\t\t<div class=\"img\">\n\t\t\t\t\t<p><img decoding=\"async\" src=\"https:\/\/www.fanar.pl\/wp-content\/themes\/fanar\/images\/formularze\/wiertla\/4a.svg\" \/><br \/>\n<input type=\"radio\" value=\"https:\/\/www.fanar.pl\/wp-content\/themes\/fanar\/images\/formularze\/wiertla\/4a.png\" data-typ=\"4a\" name=\"typ-wiertla\" \/>\n\t\t\t\t\t<\/p>\n\t\t\t\t<\/div>\n\t\t\t<\/div>\n\t\t\t<div class=\"form-el img-check by-4\">\n\t\t\t\t<div class=\"img\">\n\t\t\t\t\t<p><img decoding=\"async\" src=\"https:\/\/www.fanar.pl\/wp-content\/themes\/fanar\/images\/formularze\/wiertla\/4b.svg\" \/><br \/>\n<input type=\"radio\" value=\"https:\/\/www.fanar.pl\/wp-content\/themes\/fanar\/images\/formularze\/wiertla\/4b.png\" data-typ=\"4b\" name=\"typ-wiertla\" \/>\n\t\t\t\t\t<\/p>\n\t\t\t\t<\/div>\n\t\t\t<\/div>\n\t\t<\/div>\n\t\t<div class=\"form-elements elements-typ-wiertla-wymiary\">\n\t\t\t<div class=\"form-el by-1 el-typ typ-1a typ-2a typ-2b typ-3a typ-3b typ-4a typ-4b\">\n\t\t\t\t<p><span class=\"label\">&Phi;<sub>1<\/sub><\/span><br \/>\n<span class=\"wpcf7-form-control-wrap\" data-name=\"text-fi-1\"><input size=\"40\" maxlength=\"400\" class=\"wpcf7-form-control wpcf7-text\" aria-invalid=\"false\" value=\"\" type=\"text\" name=\"text-fi-1\" \/><\/span>\n\t\t\t\t<\/p>\n\t\t\t<\/div>\n\t\t\t<div class=\"form-el by-1 el-typ typ-2a typ-2b typ-3a typ-3b typ-4a typ-4b hidden\">\n\t\t\t\t<p><span class=\"label\">&Phi;<sub>2<\/sub><\/span><br \/>\n<span class=\"wpcf7-form-control-wrap\" data-name=\"text-fi-2\"><input size=\"40\" maxlength=\"400\" class=\"wpcf7-form-control wpcf7-text\" aria-invalid=\"false\" value=\"\" type=\"text\" name=\"text-fi-2\" \/><\/span>\n\t\t\t\t<\/p>\n\t\t\t<\/div>\n\t\t\t<div class=\"form-el by-1 el-typ typ-3a typ-3b hidden\">\n\t\t\t\t<p><span class=\"label\">&Phi;<sub>3<\/sub><\/span><br \/>\n<span class=\"wpcf7-form-control-wrap\" data-name=\"text-fi-3\"><input size=\"40\" maxlength=\"400\" class=\"wpcf7-form-control wpcf7-text\" aria-invalid=\"false\" value=\"\" type=\"text\" name=\"text-fi-3\" \/><\/span>\n\t\t\t\t<\/p>\n\t\t\t<\/div>\n\t\t\t<div class=\"form-el by-1 el-typ typ-1a typ-2a typ-2b typ-3a typ-3b typ-4a typ-4b\">\n\t\t\t\t<p><span class=\"label\">L<sub>1<\/sub><\/span><br \/>\n<span class=\"wpcf7-form-control-wrap\" data-name=\"text-l-1\"><input size=\"40\" maxlength=\"400\" class=\"wpcf7-form-control wpcf7-text\" aria-invalid=\"false\" value=\"\" type=\"text\" name=\"text-l-1\" \/><\/span>\n\t\t\t\t<\/p>\n\t\t\t<\/div>\n\t\t\t<div class=\"form-el by-1 el-typ typ-2a typ-2b typ-3a typ-3b typ-4a typ-4b hidden\">\n\t\t\t\t<p><span class=\"label\">L<sub>2<\/sub><\/span><br \/>\n<span class=\"wpcf7-form-control-wrap\" data-name=\"text-l-2\"><input size=\"40\" maxlength=\"400\" class=\"wpcf7-form-control wpcf7-text\" aria-invalid=\"false\" value=\"\" type=\"text\" name=\"text-l-2\" \/><\/span>\n\t\t\t\t<\/p>\n\t\t\t<\/div>\n\t\t\t<div class=\"form-el by-1 el-typ typ-3a typ-3b hidden\">\n\t\t\t\t<p><span class=\"label\">L<sub>3<\/sub><\/span><br \/>\n<span class=\"wpcf7-form-control-wrap\" data-name=\"text-l-3\"><input size=\"40\" maxlength=\"400\" class=\"wpcf7-form-control wpcf7-text\" aria-invalid=\"false\" value=\"\" type=\"text\" name=\"text-l-3\" \/><\/span>\n\t\t\t\t<\/p>\n\t\t\t<\/div>\n\t\t\t<div class=\"form-el by-1 el-typ typ-3a typ-3b hidden\">\n\t\t\t\t<p><span class=\"label\">&alpha;<sub>1<\/sub><sup>&deg;<\/sup><\/span><br \/>\n<span class=\"wpcf7-form-control-wrap\" data-name=\"text-alfa-1\"><input size=\"40\" maxlength=\"400\" class=\"wpcf7-form-control wpcf7-text\" aria-invalid=\"false\" value=\"\" type=\"text\" name=\"text-alfa-1\" \/><\/span>\n\t\t\t\t<\/p>\n\t\t\t<\/div>\n\t\t\t<div class=\"form-el by-1 el-typ typ-3a typ-3b hidden\">\n\t\t\t\t<p><span class=\"label\">&alpha;<sub>2<\/sub><sup>&deg;<\/sup><\/span><br \/>\n<span class=\"wpcf7-form-control-wrap\" data-name=\"text-alfa-2\"><input size=\"40\" maxlength=\"400\" class=\"wpcf7-form-control wpcf7-text\" aria-invalid=\"false\" value=\"\" type=\"text\" name=\"text-alfa-2\" \/><\/span>\n\t\t\t\t<\/p>\n\t\t\t<\/div>\n\t\t<\/div>\n\t<\/div>\n\t<div class=\"form-group group-wykonanie\">\n\t\t<h3 class=\"form-group-name\">2. Execution:\n\t\t<\/h3>\n\t\t<div class=\"form-elements\">\n\t\t\t<div class=\"form-el\">\n\t\t\t\t<p><span class=\"label\">2.1. Flutes:<\/span><br \/>\n<span class=\"wpcf7-form-control-wrap\" data-name=\"checkbox-233\"><span class=\"wpcf7-form-control wpcf7-checkbox wpcf7-exclusive-checkbox\"><span class=\"wpcf7-list-item first\"><input type=\"checkbox\" name=\"checkbox-233\" value=\"Right spiral\" \/><span class=\"wpcf7-list-item-label\">Right spiral<\/span><\/span><span class=\"wpcf7-list-item\"><input type=\"checkbox\" name=\"checkbox-233\" value=\"Left spiral\" \/><span class=\"wpcf7-list-item-label\">Left spiral<\/span><\/span><span class=\"wpcf7-list-item last\"><input type=\"checkbox\" name=\"checkbox-233\" value=\"Straight\" \/><span class=\"wpcf7-list-item-label\">Straight<\/span><\/span><\/span><\/span>\n\t\t\t\t<\/p>\n\t\t\t<\/div>\n\t\t\t<div class=\"form-el\">\n\t\t\t\t<p><span class=\"label\">2.2. Rotation direction:<\/span><br \/>\n<span class=\"wpcf7-form-control-wrap\" data-name=\"checkbox-802\"><span class=\"wpcf7-form-control wpcf7-checkbox wpcf7-exclusive-checkbox\"><span class=\"wpcf7-list-item first\"><input type=\"checkbox\" name=\"checkbox-802\" value=\"Right hand\" \/><span class=\"wpcf7-list-item-label\">Right hand<\/span><\/span><span class=\"wpcf7-list-item last\"><input type=\"checkbox\" name=\"checkbox-802\" value=\"Left hand\" \/><span class=\"wpcf7-list-item-label\">Left hand<\/span><\/span><\/span><\/span>\n\t\t\t\t<\/p>\n\t\t\t<\/div>\n\t\t\t<div class=\"form-el\">\n\t\t\t\t<p><span class=\"label\">2.3. Cooling:<\/span><br \/>\n<span class=\"wpcf7-form-control-wrap\" data-name=\"checkbox-579\"><span class=\"wpcf7-form-control wpcf7-checkbox wpcf7-exclusive-checkbox\"><span class=\"wpcf7-list-item first\"><input type=\"checkbox\" name=\"checkbox-579\" value=\"External\" \/><span class=\"wpcf7-list-item-label\">External<\/span><\/span><span class=\"wpcf7-list-item\"><input type=\"checkbox\" name=\"checkbox-579\" value=\"Internal\" \/><span class=\"wpcf7-list-item-label\">Internal<\/span><\/span><span class=\"wpcf7-list-item last\"><input type=\"checkbox\" name=\"checkbox-579\" value=\"Non-cooling\" \/><span class=\"wpcf7-list-item-label\">Non-cooling<\/span><\/span><\/span><\/span>\n\t\t\t\t<\/p>\n\t\t\t<\/div>\n\t\t<\/div>\n\t\t<p><span class=\"label\">2.4. Shank:<\/span>\n\t\t<\/p>\n\t\t<div class=\"form-elements\">\n\t\t\t<div class=\"form-el\">\n\t\t\t\t<p><span class=\"label\"><img decoding=\"async\" src=\"https:\/\/www.fanar.pl\/wp-content\/themes\/fanar\/images\/formularze\/wiertla\/din_ha.png\" \/><\/span><br \/>\n<span class=\"wpcf7-form-control-wrap\" data-name=\"checkbox-455\"><span class=\"wpcf7-form-control wpcf7-checkbox wpcf7-exclusive-checkbox\"><span class=\"wpcf7-list-item first last\"><input type=\"checkbox\" name=\"checkbox-455\" value=\"DIN 6535-HA\" \/><span class=\"wpcf7-list-item-label\">DIN 6535-HA<\/span><\/span><\/span><\/span>\n\t\t\t\t<\/p>\n\t\t\t<\/div>\n\t\t\t<div class=\"form-el\">\n\t\t\t\t<p><span class=\"label\"><img decoding=\"async\" src=\"https:\/\/www.fanar.pl\/wp-content\/themes\/fanar\/images\/formularze\/wiertla\/din_hb.png\" \/><\/span><br \/>\n<span class=\"wpcf7-form-control-wrap\" data-name=\"checkbox-455\"><span class=\"wpcf7-form-control wpcf7-checkbox wpcf7-exclusive-checkbox\"><span class=\"wpcf7-list-item first last\"><input type=\"checkbox\" name=\"checkbox-455\" value=\"DIN 6535-HB\" \/><span class=\"wpcf7-list-item-label\">DIN 6535-HB<\/span><\/span><\/span><\/span>\n\t\t\t\t<\/p>\n\t\t\t<\/div>\n\t\t\t<div class=\"form-el\">\n\t\t\t\t<p><span class=\"label\"><img decoding=\"async\" src=\"https:\/\/www.fanar.pl\/wp-content\/themes\/fanar\/images\/formularze\/wiertla\/din_h3.png\" \/><\/span><br \/>\n<span class=\"wpcf7-form-control-wrap\" data-name=\"checkbox-455\"><span class=\"wpcf7-form-control wpcf7-checkbox wpcf7-exclusive-checkbox\"><span class=\"wpcf7-list-item first last\"><input type=\"checkbox\" name=\"checkbox-455\" value=\"DIN 6535-HE\" \/><span class=\"wpcf7-list-item-label\">DIN 6535-HE<\/span><\/span><\/span><\/span>\n\t\t\t\t<\/p>\n\t\t\t<\/div>\n\t\t<\/div>\n\t\t<div class=\"form-elements\">\n\t\t\t<div class=\"form-el\">\n\t\t\t\t<p><span class=\"label\">2.5 Spiral angle:<\/span><br \/>\n<span class=\"wpcf7-form-control-wrap\" data-name=\"text-964\"><input size=\"40\" maxlength=\"400\" class=\"wpcf7-form-control wpcf7-text\" aria-invalid=\"false\" value=\"\" type=\"text\" name=\"text-964\" \/><\/span>\n\t\t\t\t<\/p>\n\t\t\t<\/div>\n\t\t<\/div>\n\t<\/div>\n\t<div class=\"form-group group-maszyna\">\n\t\t<h3 class=\"form-group-name\">3. Machine:\n\t\t<\/h3>\n\t\t<div class=\"form-elements\">\n\t\t\t<div class=\"form-el\">\n\t\t\t\t<p><span class=\"label\">3.1. Type of machine:<\/span><br \/>\n<span class=\"wpcf7-form-control-wrap\" data-name=\"text-72f\"><input size=\"40\" maxlength=\"400\" class=\"wpcf7-form-control wpcf7-text\" aria-invalid=\"false\" value=\"\" type=\"text\" name=\"text-72f\" \/><\/span>\n\t\t\t\t<\/p>\n\t\t\t<\/div>\n\t\t\t<div class=\"form-el by-3\">\n\t\t\t\t<p><span class=\"label\">3.2. Type of spindle:<\/span><br \/>\n<span class=\"wpcf7-form-control-wrap\" data-name=\"text-72ga\"><input size=\"40\" maxlength=\"400\" class=\"wpcf7-form-control wpcf7-text\" aria-invalid=\"false\" value=\"\" type=\"text\" name=\"text-72ga\" \/><\/span>\n\t\t\t\t<\/p>\n\t\t\t<\/div>\n\t\t\t<div class=\"form-el\">\n\t\t\t\t<p><span class=\"label\">3.3. Power[kW]:<\/span><br \/>\n<span class=\"wpcf7-form-control-wrap\" data-name=\"text-72gb\"><input size=\"40\" maxlength=\"400\" class=\"wpcf7-form-control wpcf7-text\" aria-invalid=\"false\" value=\"\" type=\"text\" name=\"text-72gb\" \/><\/span>\n\t\t\t\t<\/p>\n\t\t\t<\/div>\n\t\t\t<div class=\"form-el by-3\">\n\t\t\t\t<p><span class=\"label\">3.4. Max. rotating speed[RPM]:<\/span><br \/>\n<span class=\"wpcf7-form-control-wrap\" data-name=\"text-72gc\"><input size=\"40\" maxlength=\"400\" class=\"wpcf7-form-control wpcf7-text\" aria-invalid=\"false\" value=\"\" type=\"text\" name=\"text-72gc\" \/><\/span>\n\t\t\t\t<\/p>\n\t\t\t<\/div>\n\t\t<\/div>\n\t\t<div class=\"form-elements\">\n\t\t\t<div class=\"form-el el-dolocz-rysunek by-3\">\n\t\t\t\t<p><span class=\"label\">3.5 Add a picture<\/span><br \/>\n<span class=\"wpcf7-form-control-wrap\" data-name=\"file-64\"><input size=\"40\" class=\"wpcf7-form-control wpcf7-file\" accept=\"audio\/*,video\/*,image\/*\" aria-invalid=\"false\" type=\"file\" name=\"file-64\" \/><\/span>\n\t\t\t\t<\/p>\n\t\t\t<\/div>\n\t\t<\/div>\n\t<\/div>\n\t<div class=\"form-group group-uwagi\">\n\t\t<h3 class=\"form-group-name\">4. Notes:\n\t\t<\/h3>\n\t\t<div class=\"form-elements\">\n\t\t\t<div class=\"form-el el-textarea by-6\">\n\t\t\t\t<p><span class=\"wpcf7-form-control-wrap\" data-name=\"textarea-494\"><textarea cols=\"40\" rows=\"10\" maxlength=\"2000\" class=\"wpcf7-form-control wpcf7-textarea\" aria-invalid=\"false\" name=\"textarea-494\"><\/textarea><\/span>\n\t\t\t\t<\/p>\n\t\t\t<\/div>\n\t\t\t<div class=\"form-el el-accept by-6\">\n\t\t\t\t<p><span class=\"wpcf7-form-control-wrap\" data-name=\"acceptance-49\"><span class=\"wpcf7-form-control wpcf7-acceptance\"><span class=\"wpcf7-list-item\"><input type=\"checkbox\" name=\"acceptance-49\" value=\"1\" aria-invalid=\"false\" \/><\/span><\/span><\/span>\n\t\t\t\t<\/p>\n\t\t\t\t<div class=\"text\">\n\t\t\t\t\t<p>*I agree to receive commercial information from Fabryka Narz\u0119dzi FANAR S.A. located in Ciechan\u00f3w, ul. P\u0142ocka 11, 06-400 Ciechan\u00f3w. I can withdraw my consent at any time. Read more <a target=\"_blank\" href=\"https:\/\/www.fanar.pl\/en\/rodo-2\/\">RODO<\/a>\n\t\t\t\t\t<\/p>\n\t\t\t\t<\/div>\n\t\t\t<\/div>\n\t\t\t<div class=\"form-el el-send\">\n\t\t\t\t<p><input class=\"wpcf7-form-control wpcf7-submit has-spinner\" type=\"submit\" value=\"Send\" \/>\n\t\t\t\t<\/p>\n\t\t\t<\/div>\n\t\t<\/div>\n\t<\/div>\n<\/div><div class=\"wpcf7-response-output\" aria-hidden=\"true\"><\/div>\n<\/form>\n<\/div>\n\n","protected":false},"excerpt":{"rendered":"","protected":false},"author":1,"featured_media":0,"parent":0,"menu_order":999,"comment_status":"closed","ping_status":"closed","template":"template-formularz-doboru-narzedzia.php","meta":{"_acf_changed":false,"_seopress_robots_primary_cat":"","_seopress_titles_title":"","_seopress_titles_desc":"","_seopress_robots_index":"","footnotes":""},"class_list":["post-18130","page","type-page","status-publish","hentry"],"acf":[],"_links":{"self":[{"href":"https:\/\/www.fanar.pl\/en\/wp-json\/wp\/v2\/pages\/18130","targetHints":{"allow":["GET"]}}],"collection":[{"href":"https:\/\/www.fanar.pl\/en\/wp-json\/wp\/v2\/pages"}],"about":[{"href":"https:\/\/www.fanar.pl\/en\/wp-json\/wp\/v2\/types\/page"}],"author":[{"embeddable":true,"href":"https:\/\/www.fanar.pl\/en\/wp-json\/wp\/v2\/users\/1"}],"replies":[{"embeddable":true,"href":"https:\/\/www.fanar.pl\/en\/wp-json\/wp\/v2\/comments?post=18130"}],"version-history":[{"count":6,"href":"https:\/\/www.fanar.pl\/en\/wp-json\/wp\/v2\/pages\/18130\/revisions"}],"predecessor-version":[{"id":18228,"href":"https:\/\/www.fanar.pl\/en\/wp-json\/wp\/v2\/pages\/18130\/revisions\/18228"}],"wp:attachment":[{"href":"https:\/\/www.fanar.pl\/en\/wp-json\/wp\/v2\/media?parent=18130"}],"curies":[{"name":"wp","href":"https:\/\/api.w.org\/{rel}","templated":true}]}}